{"id":79,"date":"2022-03-06T08:00:16","date_gmt":"2022-03-06T06:00:16","guid":{"rendered":"https:\/\/www.src.fi\/?page_id=79"},"modified":"2022-04-02T20:19:42","modified_gmt":"2022-04-02T18:19:42","slug":"radan-kayttoohjeet","status":"publish","type":"page","link":"https:\/\/www.src.fi\/index.php\/radan-kayttoohjeet\/","title":{"rendered":"Radan k\u00e4ytt\u00f6ohjeet"},"content":{"rendered":"\n<h3 class=\"wp-block-heading\">K\u00e4ynnistys<\/h3>\n\n\n\n<p><strong>Rata:<\/strong><\/p>\n\n\n\n<ul class=\"wp-block-list\"><li>Kytke virtal\u00e4hteen johto pistokkeeseensa; voimavirtapistoke, kerhon keskell\u00e4 oleva valkoinen tolppa (kuva 1)<\/li><li>K\u00e4ynnist\u00e4 virtal\u00e4hde (Kemppi) sen kytkimest\u00e4 (kuva 2, kuvassa 1)<\/li><li>Valitse haluttu ajoj\u00e4nnite py\u00f6ritt\u00e4m\u00e4ll\u00e4 mustaa nuppia (kuva 2, kuvassa 2) oikealle tai vasemmalle. Normaalissa kerhok\u00e4yt\u00f6ss\u00e4 valinta v\u00e4liin 8 &#8211; 10 ja edistyneemmille kuljettajille 12,5.<\/li><\/ul>\n\n\n\n<div class=\"wp-block-group is-layout-flex wp-block-group-is-layout-flex\">\n<div class=\"wp-block-columns is-layout-flex wp-container-core-columns-is-layout-9d6595d7 wp-block-columns-is-layout-flex\">\n<div class=\"wp-block-column is-layout-flow wp-block-column-is-layout-flow\">\n<figure class=\"wp-block-image size-full\"><img loading=\"lazy\" decoding=\"async\" width=\"454\" height=\"845\" src=\"https:\/\/www.src.fi\/wp-content\/uploads\/2022\/04\/20220330_195411.jpg\" alt=\"\" class=\"wp-image-88\" srcset=\"https:\/\/www.src.fi\/wp-content\/uploads\/2022\/04\/20220330_195411.jpg 454w, https:\/\/www.src.fi\/wp-content\/uploads\/2022\/04\/20220330_195411-161x300.jpg 161w\" sizes=\"auto, (max-width: 454px) 100vw, 454px\" \/><figcaption>kuva 1<\/figcaption><\/figure>\n<\/div>\n\n\n\n<div class=\"wp-block-column is-layout-flow wp-block-column-is-layout-flow\">\n<figure class=\"wp-block-image size-full\"><img loading=\"lazy\" decoding=\"async\" width=\"454\" height=\"733\" src=\"https:\/\/www.src.fi\/wp-content\/uploads\/2022\/04\/20220330_195403-1.jpg\" alt=\"\" class=\"wp-image-90\" srcset=\"https:\/\/www.src.fi\/wp-content\/uploads\/2022\/04\/20220330_195403-1.jpg 454w, https:\/\/www.src.fi\/wp-content\/uploads\/2022\/04\/20220330_195403-1-186x300.jpg 186w\" sizes=\"auto, (max-width: 454px) 100vw, 454px\" \/><figcaption>kuva 2<\/figcaption><\/figure>\n<\/div>\n<\/div>\n<\/div>\n\n\n\n<p><strong>Lapmaster:<\/strong><\/p>\n\n\n\n<ul class=\"wp-block-list\"><li>P\u00f6mpeliss\u00e4. Kytke valkoinen X:ll\u00e4 merkattu pistorasia sein\u00e4\u00e4n<\/li><li>K\u00e4ynnist\u00e4 tietokone tietokoneen etusein\u00e4n virtanapista. Huome, paina vain kerran.<\/li><li>Odota ett\u00e4 tietokone k\u00e4ynnistyy ja Windowsin kirjautumisikkuna tulee n\u00e4ytt\u00f6\u00f6n.<\/li><li>Kirjaudu sis\u00e4\u00e4n.<\/li><li>K\u00e4ynnist\u00e4 lapmaster teht\u00e4v\u00e4palkista. (Ruutulippu-ikoni).<\/li><\/ul>\n\n\n\n<h3 class=\"wp-block-heading\">Sammutus<\/h3>\n\n\n\n<p><strong>Lapmaster:<\/strong><\/p>\n\n\n\n<ul class=\"wp-block-list\"><li>Sulje Lapmaster normaalin windows-ohjelman tavoin X napilla oikeasta yl\u00e4reunasta<\/li><li>Sammuta windows normaalisti. T\u00e4m\u00e4 toimenpide sammuttaa my\u00f6s virran tietokoneesta automaattisesti.<\/li><li>Irroita X-merkill\u00e4 varustettu pistorasia sein\u00e4st\u00e4 ja j\u00e4t\u00e4 johdon p\u00e4\u00e4 p\u00f6yd\u00e4lle.<\/li><\/ul>\n\n\n\n<p><strong>Rata:<\/strong><\/p>\n\n\n\n<ul class=\"wp-block-list\"><li>Sammuta virtal\u00e4hde (Kemppi) sen kytkimest\u00e4. K\u00e4ynniss\u00e4 ollessa kytkimess\u00e4 vihre\u00e4 hehku.<\/li><li>Irroita virtal\u00e4hteen voimavirtapistoke ja j\u00e4t\u00e4 johto roikkumaan pistokkeen alapuolella oleviin koukkuihin.<\/li><\/ul>\n","protected":false},"excerpt":{"rendered":"<p>K\u00e4ynnistys Rata: Kytke virtal\u00e4hteen johto pistokkeeseensa; voimavirtapistoke, kerhon keskell\u00e4 oleva valkoinen tolppa (kuva 1) K\u00e4ynnist\u00e4 virtal\u00e4hde (Kemppi) sen kytkimest\u00e4 (kuva 2, kuvassa 1) Valitse haluttu ajoj\u00e4nnite py\u00f6ritt\u00e4m\u00e4ll\u00e4 mustaa nuppia (kuva 2, kuvassa&#8230;<\/p>\n","protected":false},"author":1,"featured_media":0,"parent":0,"menu_order":0,"comment_status":"closed","ping_status":"closed","template":"","meta":{"footnotes":""},"class_list":["post-79","page","type-page","status-publish","hentry"],"jetpack_sharing_enabled":true,"publishpress_future_action":{"enabled":false,"date":"2026-05-04 15:23:05","action":"change-status","newStatus":"draft","terms":[],"taxonomy":"","extraData":[]},"publishpress_future_workflow_manual_trigger":{"enabledWorkflows":[]},"_links":{"self":[{"href":"https:\/\/www.src.fi\/index.php\/wp-json\/wp\/v2\/pages\/79","targetHints":{"allow":["GET"]}}],"collection":[{"href":"https:\/\/www.src.fi\/index.php\/wp-json\/wp\/v2\/pages"}],"about":[{"href":"https:\/\/www.src.fi\/index.php\/wp-json\/wp\/v2\/types\/page"}],"author":[{"embeddable":true,"href":"https:\/\/www.src.fi\/index.php\/wp-json\/wp\/v2\/users\/1"}],"replies":[{"embeddable":true,"href":"https:\/\/www.src.fi\/index.php\/wp-json\/wp\/v2\/comments?post=79"}],"version-history":[{"count":2,"href":"https:\/\/www.src.fi\/index.php\/wp-json\/wp\/v2\/pages\/79\/revisions"}],"predecessor-version":[{"id":91,"href":"https:\/\/www.src.fi\/index.php\/wp-json\/wp\/v2\/pages\/79\/revisions\/91"}],"wp:attachment":[{"href":"https:\/\/www.src.fi\/index.php\/wp-json\/wp\/v2\/media?parent=79"}],"curies":[{"name":"wp","href":"https:\/\/api.w.org\/{rel}","templated":true}]}}