{"id":45,"date":"2022-02-27T21:10:16","date_gmt":"2022-02-27T19:10:16","guid":{"rendered":"https:\/\/www.src.fi\/?page_id=45"},"modified":"2024-12-26T19:39:09","modified_gmt":"2024-12-26T17:39:09","slug":"yhteystiedot","status":"publish","type":"page","link":"https:\/\/www.src.fi\/index.php\/yhteystiedot\/","title":{"rendered":"Yhteystiedot"},"content":{"rendered":"\n<h2 class=\"wp-block-heading\">Rata ja kerhotilat:<\/h2>\n\n\n\n<p>Seurakuntakeskuksen alakerta, Yli-anttilantie 3, Hyvink\u00e4\u00e4<\/p>\n\n\n\n<p><\/p>\n\n\n\n<p>S\u00e4hk\u00f6posti: &lt;viel\u00e4_ty\u00f6n_alla&gt;@src.fi<\/p>\n\n\n\n<h2 class=\"wp-block-heading\">Saapuminen radalle:<\/h2>\n\n\n\n<div class=\"wp-block-columns is-layout-flex wp-container-core-columns-is-layout-9d6595d7 wp-block-columns-is-layout-flex\">\n<div class=\"wp-block-column is-layout-flow wp-block-column-is-layout-flow\">\n<p><strong>Autolla<\/strong> (pys\u00e4k\u00f6inti joko seurakuntakeskuksen parkkipaikoilla huomioiden liikennemerkit) tai Vehkojan koulun pihalla, josta radalle p\u00e4\u00e4see alikulun kautta helposti. <mark style=\"background-color:rgba(0, 0, 0, 0)\" class=\"has-inline-color has-vivid-red-color\"><strong>Kilpailutapahtumissa ensisijainen pys\u00e4k\u00f6inti koulun pihalle.<\/strong><\/mark><\/p>\n<\/div>\n\n\n\n<div class=\"wp-block-column is-layout-flow wp-block-column-is-layout-flow\">\n<p><strong>Bussilla<\/strong> Hyvink\u00e4\u00e4n liikenteen linjalla 1, jossa l\u00e4hin pys\u00e4kki on s-marketin liikenneympyr\u00e4ss\u00e4, keskustan puolella.<\/p>\n<\/div>\n<\/div>\n\n\n\n<iframe loading=\"lazy\" width=\"425\" height=\"350\" frameborder=\"0\" scrolling=\"no\" marginheight=\"0\" marginwidth=\"0\" src=\"https:\/\/www.openstreetmap.org\/export\/embed.html?bbox=24.834809303283695%2C60.60759923445557%2C24.84189033508301%2C60.61034248823385&amp;layer=mapnik\" style=\"border: 1px solid black\"><\/iframe><br><small><a href=\"https:\/\/www.openstreetmap.org\/#map=18\/60.60897\/24.83835\">View Larger Map<\/a><\/small>\n","protected":false},"excerpt":{"rendered":"<p>Rata ja kerhotilat: Seurakuntakeskuksen alakerta, Yli-anttilantie 3, Hyvink\u00e4\u00e4 S\u00e4hk\u00f6posti: &lt;viel\u00e4_ty\u00f6n_alla&gt;@src.fi Saapuminen radalle: Autolla (pys\u00e4k\u00f6inti joko seurakuntakeskuksen parkkipaikoilla huomioiden liikennemerkit) tai Vehkojan koulun pihalla, josta radalle p\u00e4\u00e4see alikulun kautta helposti. Kilpailutapahtumissa ensisijainen pys\u00e4k\u00f6inti&#8230;<\/p>\n","protected":false},"author":1,"featured_media":0,"parent":0,"menu_order":40,"comment_status":"closed","ping_status":"closed","template":"","meta":{"footnotes":""},"class_list":["post-45","page","type-page","status-publish","hentry"],"jetpack_sharing_enabled":true,"publishpress_future_action":{"enabled":false,"date":"2026-05-07 04:40:34","action":"change-status","newStatus":"draft","terms":[],"taxonomy":"","extraData":[]},"publishpress_future_workflow_manual_trigger":{"enabledWorkflows":[]},"_links":{"self":[{"href":"https:\/\/www.src.fi\/index.php\/wp-json\/wp\/v2\/pages\/45","targetHints":{"allow":["GET"]}}],"collection":[{"href":"https:\/\/www.src.fi\/index.php\/wp-json\/wp\/v2\/pages"}],"about":[{"href":"https:\/\/www.src.fi\/index.php\/wp-json\/wp\/v2\/types\/page"}],"author":[{"embeddable":true,"href":"https:\/\/www.src.fi\/index.php\/wp-json\/wp\/v2\/users\/1"}],"replies":[{"embeddable":true,"href":"https:\/\/www.src.fi\/index.php\/wp-json\/wp\/v2\/comments?post=45"}],"version-history":[{"count":13,"href":"https:\/\/www.src.fi\/index.php\/wp-json\/wp\/v2\/pages\/45\/revisions"}],"predecessor-version":[{"id":853,"href":"https:\/\/www.src.fi\/index.php\/wp-json\/wp\/v2\/pages\/45\/revisions\/853"}],"wp:attachment":[{"href":"https:\/\/www.src.fi\/index.php\/wp-json\/wp\/v2\/media?parent=45"}],"curies":[{"name":"wp","href":"https:\/\/api.w.org\/{rel}","templated":true}]}}