{"id":41,"date":"2022-02-27T21:00:20","date_gmt":"2022-02-27T19:00:20","guid":{"rendered":"https:\/\/www.src.fi\/?page_id=41"},"modified":"2025-11-30T21:27:13","modified_gmt":"2025-11-30T19:27:13","slug":"kerhoillat","status":"publish","type":"page","link":"https:\/\/www.src.fi\/index.php\/kerhoillat\/","title":{"rendered":"Kerhoillat"},"content":{"rendered":"\n<p>Kerhoillat <strong>maanantaisin ja tiistaisin klo 18.00 &#8211; 20.00<\/strong><\/p>\n\n\n\n<p>Maanantai ja Tiistaina, ajoittelijat, ajetaan kerhon autoilla, j\u00e4nnite 8V (tai v\u00e4hemmin).<\/p>\n\n\n\n<p>Ajaminen maanantaina ja tiistaina on my\u00f6s mahdollista omilla autoilla, mutta nopeus ja toiminta tulee suhteuttaa kanssa-ajajien mukaan.<\/p>\n\n\n\n<div class=\"wp-block-columns is-layout-flex wp-container-core-columns-is-layout-9d6595d7 wp-block-columns-is-layout-flex\">\n<div class=\"wp-block-column is-layout-flow wp-block-column-is-layout-flow\">\n<p>Kerholla on k\u00e4ytett\u00e4viss\u00e4 kahdeksan autoa, ja ne ovat suorituskyvylt\u00e4\u00e4n noin Euromini-tasoisia. Autot ovat v\u00e4ritetty urien mukaisesti helpottamaan tuoreiden kuljettajien toimintaa; valkoinen auto valkealla uralla ja niin edelleen.<\/p>\n<\/div>\n\n\n\n<div class=\"wp-block-column is-layout-flow wp-block-column-is-layout-flow\">\n<figure class=\"wp-block-image size-medium is-style-default\"><img loading=\"lazy\" decoding=\"async\" width=\"300\" height=\"200\" src=\"https:\/\/www.src.fi\/wp-content\/uploads\/2022\/09\/IMG_2410-300x200.jpg\" alt=\"\" class=\"wp-image-280\" srcset=\"https:\/\/www.src.fi\/wp-content\/uploads\/2022\/09\/IMG_2410-300x200.jpg 300w, https:\/\/www.src.fi\/wp-content\/uploads\/2022\/09\/IMG_2410-1024x683.jpg 1024w, https:\/\/www.src.fi\/wp-content\/uploads\/2022\/09\/IMG_2410-768x512.jpg 768w, https:\/\/www.src.fi\/wp-content\/uploads\/2022\/09\/IMG_2410-1536x1024.jpg 1536w, https:\/\/www.src.fi\/wp-content\/uploads\/2022\/09\/IMG_2410-2048x1365.jpg 2048w, https:\/\/www.src.fi\/wp-content\/uploads\/2022\/09\/IMG_2410-850x567.jpg 850w\" sizes=\"auto, (max-width: 300px) 100vw, 300px\" \/><\/figure>\n<\/div>\n<\/div>\n\n\n\n<div style=\"height:10px\" aria-hidden=\"true\" class=\"wp-block-spacer\"><\/div>\n\n\n\n<p>Kerhoillat ja rata Vehkojan seurankuntakeskuksen alakerrassa osoitteessa Yli-anttilantie 3, Hyvink\u00e4\u00e4<\/p>\n\n\n\n<div style=\"height:18px\" aria-hidden=\"true\" class=\"wp-block-spacer\"><\/div>\n\n\n\n<p><strong>Vakiokasvot kerhoilloissa \/ kerhoiltojen vet\u00e4j\u00e4t<\/strong><\/p>\n\n\n\n<div class=\"wp-block-group\"><div class=\"wp-block-group__inner-container is-layout-flow wp-block-group-is-layout-flow\">\n<div class=\"wp-block-columns is-layout-flex wp-container-core-columns-is-layout-9d6595d7 wp-block-columns-is-layout-flex\">\n<div class=\"wp-block-column is-layout-flow wp-block-column-is-layout-flow\">\n<p><strong>Onni<\/strong><\/p>\n\n\n\n<figure class=\"wp-block-image size-full\"><img loading=\"lazy\" decoding=\"async\" width=\"336\" height=\"281\" src=\"https:\/\/www.src.fi\/wp-content\/uploads\/2022\/09\/image-10.png\" alt=\"\" class=\"wp-image-244\" srcset=\"https:\/\/www.src.fi\/wp-content\/uploads\/2022\/09\/image-10.png 336w, https:\/\/www.src.fi\/wp-content\/uploads\/2022\/09\/image-10-300x251.png 300w\" sizes=\"auto, (max-width: 336px) 100vw, 336px\" \/><\/figure>\n<\/div>\n\n\n\n<div class=\"wp-block-column is-layout-flow wp-block-column-is-layout-flow\">\n<p><strong>Harri<\/strong><\/p>\n\n\n\n<figure class=\"wp-block-image size-full\"><img loading=\"lazy\" decoding=\"async\" width=\"336\" height=\"281\" src=\"https:\/\/www.src.fi\/wp-content\/uploads\/2022\/09\/image-10.png\" alt=\"\" class=\"wp-image-244\" srcset=\"https:\/\/www.src.fi\/wp-content\/uploads\/2022\/09\/image-10.png 336w, https:\/\/www.src.fi\/wp-content\/uploads\/2022\/09\/image-10-300x251.png 300w\" sizes=\"auto, (max-width: 336px) 100vw, 336px\" \/><\/figure>\n<\/div>\n\n\n\n<div class=\"wp-block-column is-layout-flow wp-block-column-is-layout-flow\">\n<p><strong>Minna<\/strong><\/p>\n\n\n\n<figure class=\"wp-block-image size-full\"><img loading=\"lazy\" decoding=\"async\" width=\"336\" height=\"281\" src=\"https:\/\/www.src.fi\/wp-content\/uploads\/2022\/09\/image-10.png\" alt=\"\" class=\"wp-image-244\" srcset=\"https:\/\/www.src.fi\/wp-content\/uploads\/2022\/09\/image-10.png 336w, https:\/\/www.src.fi\/wp-content\/uploads\/2022\/09\/image-10-300x251.png 300w\" sizes=\"auto, (max-width: 336px) 100vw, 336px\" \/><\/figure>\n<\/div>\n<\/div>\n\n\n\n<div class=\"wp-block-columns is-layout-flex wp-container-core-columns-is-layout-9d6595d7 wp-block-columns-is-layout-flex\">\n<div class=\"wp-block-column is-layout-flow wp-block-column-is-layout-flow\">\n<p><strong>Vertti<\/strong><\/p>\n\n\n\n<figure class=\"wp-block-image size-full\"><img loading=\"lazy\" decoding=\"async\" width=\"336\" height=\"281\" src=\"https:\/\/www.src.fi\/wp-content\/uploads\/2022\/09\/image-10.png\" alt=\"\" class=\"wp-image-244\" srcset=\"https:\/\/www.src.fi\/wp-content\/uploads\/2022\/09\/image-10.png 336w, https:\/\/www.src.fi\/wp-content\/uploads\/2022\/09\/image-10-300x251.png 300w\" sizes=\"auto, (max-width: 336px) 100vw, 336px\" \/><\/figure>\n<\/div>\n\n\n\n<div class=\"wp-block-column is-layout-flow wp-block-column-is-layout-flow\">\n<p><strong>Mikko<\/strong><\/p>\n\n\n\n<figure class=\"wp-block-image size-full\"><img loading=\"lazy\" decoding=\"async\" width=\"336\" height=\"281\" src=\"https:\/\/www.src.fi\/wp-content\/uploads\/2022\/09\/image-11.png\" alt=\"\" class=\"wp-image-245\" srcset=\"https:\/\/www.src.fi\/wp-content\/uploads\/2022\/09\/image-11.png 336w, https:\/\/www.src.fi\/wp-content\/uploads\/2022\/09\/image-11-300x251.png 300w\" sizes=\"auto, (max-width: 336px) 100vw, 336px\" \/><\/figure>\n<\/div>\n<\/div>\n<\/div><\/div>\n","protected":false},"excerpt":{"rendered":"<p>Kerhoillat maanantaisin ja tiistaisin klo 18.00 &#8211; 20.00 Maanantai ja Tiistaina, ajoittelijat, ajetaan kerhon autoilla, j\u00e4nnite 8V (tai v\u00e4hemmin). Ajaminen maanantaina ja tiistaina on my\u00f6s mahdollista omilla autoilla, mutta nopeus ja toiminta&#8230;<\/p>\n","protected":false},"author":1,"featured_media":0,"parent":0,"menu_order":0,"comment_status":"closed","ping_status":"closed","template":"","meta":{"footnotes":""},"class_list":["post-41","page","type-page","status-publish","hentry"],"jetpack_sharing_enabled":true,"publishpress_future_action":{"enabled":false,"date":"2026-05-08 02:28:13","action":"change-status","newStatus":"draft","terms":[],"taxonomy":"","extraData":[]},"publishpress_future_workflow_manual_trigger":{"enabledWorkflows":[]},"_links":{"self":[{"href":"https:\/\/www.src.fi\/index.php\/wp-json\/wp\/v2\/pages\/41","targetHints":{"allow":["GET"]}}],"collection":[{"href":"https:\/\/www.src.fi\/index.php\/wp-json\/wp\/v2\/pages"}],"about":[{"href":"https:\/\/www.src.fi\/index.php\/wp-json\/wp\/v2\/types\/page"}],"author":[{"embeddable":true,"href":"https:\/\/www.src.fi\/index.php\/wp-json\/wp\/v2\/users\/1"}],"replies":[{"embeddable":true,"href":"https:\/\/www.src.fi\/index.php\/wp-json\/wp\/v2\/comments?post=41"}],"version-history":[{"count":13,"href":"https:\/\/www.src.fi\/index.php\/wp-json\/wp\/v2\/pages\/41\/revisions"}],"predecessor-version":[{"id":921,"href":"https:\/\/www.src.fi\/index.php\/wp-json\/wp\/v2\/pages\/41\/revisions\/921"}],"wp:attachment":[{"href":"https:\/\/www.src.fi\/index.php\/wp-json\/wp\/v2\/media?parent=41"}],"curies":[{"name":"wp","href":"https:\/\/api.w.org\/{rel}","templated":true}]}}