{"id":39,"date":"2022-02-27T20:40:28","date_gmt":"2022-02-27T18:40:28","guid":{"rendered":"https:\/\/www.src.fi\/?page_id=39"},"modified":"2023-04-03T17:35:50","modified_gmt":"2023-04-03T15:35:50","slug":"rataesittely","status":"publish","type":"page","link":"https:\/\/www.src.fi\/index.php\/rataesittely\/","title":{"rendered":"Rataesittely"},"content":{"rendered":"\n<p>SRC:n kotirata on 43,63 metri\u00e4 pitk\u00e4 ja koostuu kahdeksasta (8) urasta. Ratansa virta saa Kempin virtal\u00e4hteest\u00e4, jota ohjataan Lapmasterin ohjelmistolla sek\u00e4 siihen kuuluvalla ohjauslaatikolla.<\/p>\n\n\n\n<figure class=\"wp-block-image size-large\"><img loading=\"lazy\" decoding=\"async\" width=\"1024\" height=\"622\" src=\"https:\/\/www.src.fi\/wp-content\/uploads\/2022\/09\/rata-layout-1024x622.jpg\" alt=\"\" class=\"wp-image-277\" srcset=\"https:\/\/www.src.fi\/wp-content\/uploads\/2022\/09\/rata-layout-1024x622.jpg 1024w, https:\/\/www.src.fi\/wp-content\/uploads\/2022\/09\/rata-layout-300x182.jpg 300w, https:\/\/www.src.fi\/wp-content\/uploads\/2022\/09\/rata-layout-768x466.jpg 768w, https:\/\/www.src.fi\/wp-content\/uploads\/2022\/09\/rata-layout-1536x933.jpg 1536w, https:\/\/www.src.fi\/wp-content\/uploads\/2022\/09\/rata-layout-850x516.jpg 850w, https:\/\/www.src.fi\/wp-content\/uploads\/2022\/09\/rata-layout.jpg 1548w\" sizes=\"auto, (max-width: 1024px) 100vw, 1024px\" \/><\/figure>\n\n\n\n<p>Radan huoltohistoriaa:<\/p>\n\n\n\n<figure class=\"wp-block-table\"><table><tbody><tr><td><strong>Aihe<\/strong><\/td><td><strong>Viimeisin p\u00e4iv\u00e4m\u00e4\u00e4r\u00e4<\/strong><\/td><\/tr><tr><td>Pesu<\/td><td><s>23.1.2023, 28.2.2023<\/s>, 3.4.2023<\/td><\/tr><tr><td>Pidotus<\/td><td><s>24.1.2023, 1.3.2023<\/s>, 3.4.2023<\/td><\/tr><tr><td><\/td><td><\/td><\/tr><tr><td><\/td><td><\/td><\/tr><\/tbody><\/table><\/figure>\n","protected":false},"excerpt":{"rendered":"<p>SRC:n kotirata on 43,63 metri\u00e4 pitk\u00e4 ja koostuu kahdeksasta (8) urasta. Ratansa virta saa Kempin virtal\u00e4hteest\u00e4, jota ohjataan Lapmasterin ohjelmistolla sek\u00e4 siihen kuuluvalla ohjauslaatikolla. Radan huoltohistoriaa: Aihe Viimeisin p\u00e4iv\u00e4m\u00e4\u00e4r\u00e4 Pesu 23.1.2023, 28.2.2023,&#8230;<\/p>\n","protected":false},"author":1,"featured_media":0,"parent":0,"menu_order":10,"comment_status":"closed","ping_status":"closed","template":"","meta":{"footnotes":""},"class_list":["post-39","page","type-page","status-publish","hentry"],"jetpack_sharing_enabled":true,"publishpress_future_action":{"enabled":false,"date":"2026-05-08 21:22:42","action":"change-status","newStatus":"draft","terms":[],"taxonomy":"","extraData":[]},"publishpress_future_workflow_manual_trigger":{"enabledWorkflows":[]},"_links":{"self":[{"href":"https:\/\/www.src.fi\/index.php\/wp-json\/wp\/v2\/pages\/39","targetHints":{"allow":["GET"]}}],"collection":[{"href":"https:\/\/www.src.fi\/index.php\/wp-json\/wp\/v2\/pages"}],"about":[{"href":"https:\/\/www.src.fi\/index.php\/wp-json\/wp\/v2\/types\/page"}],"author":[{"embeddable":true,"href":"https:\/\/www.src.fi\/index.php\/wp-json\/wp\/v2\/users\/1"}],"replies":[{"embeddable":true,"href":"https:\/\/www.src.fi\/index.php\/wp-json\/wp\/v2\/comments?post=39"}],"version-history":[{"count":6,"href":"https:\/\/www.src.fi\/index.php\/wp-json\/wp\/v2\/pages\/39\/revisions"}],"predecessor-version":[{"id":564,"href":"https:\/\/www.src.fi\/index.php\/wp-json\/wp\/v2\/pages\/39\/revisions\/564"}],"wp:attachment":[{"href":"https:\/\/www.src.fi\/index.php\/wp-json\/wp\/v2\/media?parent=39"}],"curies":[{"name":"wp","href":"https:\/\/api.w.org\/{rel}","templated":true}]}}