{"id":248,"date":"2022-09-12T21:35:56","date_gmt":"2022-09-12T19:35:56","guid":{"rendered":"https:\/\/www.src.fi\/?page_id=248"},"modified":"2023-03-16T10:18:28","modified_gmt":"2023-03-16T08:18:28","slug":"aloittelijan-opas","status":"publish","type":"page","link":"https:\/\/www.src.fi\/index.php\/aloittelijan-opas\/","title":{"rendered":"Aloittelijan opas"},"content":{"rendered":"\n<p class=\"has-text-align-justify\">T\u00e4m\u00e4 opas t\u00e4ht\u00e4\u00e4 harrastuksen aloittamiseen, joka my\u00f6s mahdollistaa osallistumisen eurosarjan kilpailuihin s\u00e4\u00e4nt\u00f6jen mukaisesti.<\/p>\n\n\n\n<h2 class=\"wp-block-heading\">Auto (alle 13v kuljettaja)<\/h2>\n\n\n\n<p class=\"has-text-align-justify\">Aloittelijalle sopiva auto on niinsanottu euromini (jk c21). Yleens\u00e4 aloittelijan kannattaa hankkia ajovalmis (RTR) paketti, jonka lis\u00e4ksi varaosiksi muutama pari braideja, pari fassia, muutama rengaspari, rengas\/ohjuriavain ty\u00f6kaluksi ja p\u00f6ntt\u00f6 \u00f6ljy\u00e4. Kustannusluokka itse autolla noin 80-100\u20ac ja t\u00e4m\u00e4n lis\u00e4ksi varaosat.<\/p>\n\n\n\n<p class=\"has-text-align-justify\">Suin p\u00e4iten ostosta ei kannata tehd\u00e4, vaan ostop\u00e4\u00e4t\u00f6ksen tekemiseksi on suositeltavaa k\u00e4yd\u00e4 kerhoillassa, josta saa tarvittavat yhteystiedot luotettavaan suomalaiseen myyj\u00e4\u00e4n.<\/p>\n\n\n\n<p class=\"has-text-align-justify\">Aloittelijan kannattaa lainata kahvaa kerholta.<\/p>\n\n\n\n<h2 class=\"wp-block-heading\">Sanastoa<\/h2>\n\n\n\n<figure class=\"wp-block-table\"><table><tbody><tr><td>Fassi<\/td><td><\/td><td><img loading=\"lazy\" decoding=\"async\" width=\"150\" height=\"135\" class=\"wp-image-511\" style=\"width: 150px;\" src=\"https:\/\/www.src.fi\/wp-content\/uploads\/2023\/03\/image-3.png\" alt=\"\" srcset=\"https:\/\/www.src.fi\/wp-content\/uploads\/2023\/03\/image-3.png 729w, https:\/\/www.src.fi\/wp-content\/uploads\/2023\/03\/image-3-300x269.png 300w\" sizes=\"auto, (max-width: 150px) 100vw, 150px\" \/><\/td><\/tr><tr><td>Pinjoni<\/td><td><\/td><td><img loading=\"lazy\" decoding=\"async\" width=\"150\" height=\"145\" class=\"wp-image-517\" style=\"width: 150px;\" src=\"https:\/\/www.src.fi\/wp-content\/uploads\/2023\/03\/20230315_141633.jpg\" alt=\"\" srcset=\"https:\/\/www.src.fi\/wp-content\/uploads\/2023\/03\/20230315_141633.jpg 573w, https:\/\/www.src.fi\/wp-content\/uploads\/2023\/03\/20230315_141633-300x290.jpg 300w\" sizes=\"auto, (max-width: 150px) 100vw, 150px\" \/><\/td><\/tr><tr><td>Runko<\/td><td><\/td><td><img loading=\"lazy\" decoding=\"async\" width=\"150\" height=\"220\" class=\"wp-image-518\" style=\"width: 150px;\" src=\"https:\/\/www.src.fi\/wp-content\/uploads\/2023\/03\/20230315_141653.jpg\" alt=\"\" srcset=\"https:\/\/www.src.fi\/wp-content\/uploads\/2023\/03\/20230315_141653.jpg 900w, https:\/\/www.src.fi\/wp-content\/uploads\/2023\/03\/20230315_141653-204x300.jpg 204w, https:\/\/www.src.fi\/wp-content\/uploads\/2023\/03\/20230315_141653-697x1024.jpg 697w, https:\/\/www.src.fi\/wp-content\/uploads\/2023\/03\/20230315_141653-768x1128.jpg 768w, https:\/\/www.src.fi\/wp-content\/uploads\/2023\/03\/20230315_141653-300x441.jpg 300w, https:\/\/www.src.fi\/wp-content\/uploads\/2023\/03\/20230315_141653-850x1249.jpg 850w\" sizes=\"auto, (max-width: 150px) 100vw, 150px\" \/><\/td><\/tr><tr><td>Braidi \/ virtaharja<\/td><td><\/td><td><img loading=\"lazy\" decoding=\"async\" width=\"150\" height=\"105\" class=\"wp-image-519\" style=\"width: 150px;\" src=\"https:\/\/www.src.fi\/wp-content\/uploads\/2023\/03\/20230315_142719.jpg\" alt=\"\" srcset=\"https:\/\/www.src.fi\/wp-content\/uploads\/2023\/03\/20230315_142719.jpg 681w, https:\/\/www.src.fi\/wp-content\/uploads\/2023\/03\/20230315_142719-300x211.jpg 300w\" sizes=\"auto, (max-width: 150px) 100vw, 150px\" \/><\/td><\/tr><tr><td>Ohjuri<\/td><td><\/td><td><img loading=\"lazy\" decoding=\"async\" width=\"150\" height=\"139\" class=\"wp-image-516\" style=\"width: 150px;\" src=\"https:\/\/www.src.fi\/wp-content\/uploads\/2023\/03\/20230315_142637.jpg\" alt=\"\" srcset=\"https:\/\/www.src.fi\/wp-content\/uploads\/2023\/03\/20230315_142637.jpg 735w, https:\/\/www.src.fi\/wp-content\/uploads\/2023\/03\/20230315_142637-300x278.jpg 300w\" sizes=\"auto, (max-width: 150px) 100vw, 150px\" \/><\/td><\/tr><tr><td>Ohjurin mutteri<\/td><td><\/td><td><img loading=\"lazy\" decoding=\"async\" width=\"150\" height=\"127\" class=\"wp-image-515\" style=\"width: 150px;\" src=\"https:\/\/www.src.fi\/wp-content\/uploads\/2023\/03\/20230315_141706.jpg\" alt=\"\" srcset=\"https:\/\/www.src.fi\/wp-content\/uploads\/2023\/03\/20230315_141706.jpg 585w, https:\/\/www.src.fi\/wp-content\/uploads\/2023\/03\/20230315_141706-300x253.jpg 300w\" sizes=\"auto, (max-width: 150px) 100vw, 150px\" \/><\/td><\/tr><tr><td>Taka-akseli<\/td><td><\/td><td><img loading=\"lazy\" decoding=\"async\" width=\"150\" height=\"77\" class=\"wp-image-525\" style=\"width: 150px;\" src=\"https:\/\/www.src.fi\/wp-content\/uploads\/2023\/03\/20230315_141528.jpg\" alt=\"\" srcset=\"https:\/\/www.src.fi\/wp-content\/uploads\/2023\/03\/20230315_141528.jpg 1146w, https:\/\/www.src.fi\/wp-content\/uploads\/2023\/03\/20230315_141528-300x154.jpg 300w, https:\/\/www.src.fi\/wp-content\/uploads\/2023\/03\/20230315_141528-1024x527.jpg 1024w, https:\/\/www.src.fi\/wp-content\/uploads\/2023\/03\/20230315_141528-768x395.jpg 768w, https:\/\/www.src.fi\/wp-content\/uploads\/2023\/03\/20230315_141528-850x438.jpg 850w\" sizes=\"auto, (max-width: 150px) 100vw, 150px\" \/><\/td><\/tr><tr><td>Laakeri<\/td><td><\/td><td><img loading=\"lazy\" decoding=\"async\" width=\"150\" height=\"98\" class=\"wp-image-520\" style=\"width: 150px;\" src=\"https:\/\/www.src.fi\/wp-content\/uploads\/2023\/03\/20230315_141512.jpg\" alt=\"\" srcset=\"https:\/\/www.src.fi\/wp-content\/uploads\/2023\/03\/20230315_141512.jpg 655w, https:\/\/www.src.fi\/wp-content\/uploads\/2023\/03\/20230315_141512-300x197.jpg 300w, https:\/\/www.src.fi\/wp-content\/uploads\/2023\/03\/20230315_141512-350x230.jpg 350w\" sizes=\"auto, (max-width: 150px) 100vw, 150px\" \/><\/td><\/tr><tr><td>Ukkeli<\/td><td><\/td><td><\/td><\/tr><tr><td>Kori<\/td><td><\/td><td><\/td><\/tr><tr><td>Donitsi<\/td><td><\/td><td><\/td><\/tr><tr><td>Vanne<\/td><td><\/td><td><\/td><\/tr><tr><td>Rengas<\/td><td><\/td><td><\/td><\/tr><tr><td>Neulaputki<\/td><td><\/td><td><img loading=\"lazy\" decoding=\"async\" width=\"150\" height=\"121\" class=\"wp-image-521\" style=\"width: 150px;\" src=\"https:\/\/www.src.fi\/wp-content\/uploads\/2023\/03\/20230315_162443.jpg\" alt=\"\" srcset=\"https:\/\/www.src.fi\/wp-content\/uploads\/2023\/03\/20230315_162443.jpg 662w, https:\/\/www.src.fi\/wp-content\/uploads\/2023\/03\/20230315_162443-300x242.jpg 300w\" sizes=\"auto, (max-width: 150px) 100vw, 150px\" \/><\/td><\/tr><tr><td>Neula<\/td><td><\/td><td><img loading=\"lazy\" decoding=\"async\" width=\"150\" height=\"102\" class=\"wp-image-522\" style=\"width: 150px;\" src=\"https:\/\/www.src.fi\/wp-content\/uploads\/2023\/03\/20230315_162314.jpg\" alt=\"\" srcset=\"https:\/\/www.src.fi\/wp-content\/uploads\/2023\/03\/20230315_162314.jpg 516w, https:\/\/www.src.fi\/wp-content\/uploads\/2023\/03\/20230315_162314-300x203.jpg 300w\" sizes=\"auto, (max-width: 150px) 100vw, 150px\" \/><\/td><\/tr><tr><td>Brikka<\/td><td><\/td><td><img loading=\"lazy\" decoding=\"async\" width=\"150\" height=\"150\" class=\"wp-image-523\" style=\"width: 150px;\" src=\"https:\/\/www.src.fi\/wp-content\/uploads\/2023\/03\/20230315_142708.jpg\" alt=\"\" srcset=\"https:\/\/www.src.fi\/wp-content\/uploads\/2023\/03\/20230315_142708.jpg 597w, https:\/\/www.src.fi\/wp-content\/uploads\/2023\/03\/20230315_142708-300x299.jpg 300w, https:\/\/www.src.fi\/wp-content\/uploads\/2023\/03\/20230315_142708-150x150.jpg 150w\" sizes=\"auto, (max-width: 150px) 100vw, 150px\" \/><\/td><\/tr><tr><td>Moottori<\/td><td><\/td><td><img loading=\"lazy\" decoding=\"async\" width=\"150\" height=\"124\" class=\"wp-image-524\" style=\"width: 150px;\" src=\"https:\/\/www.src.fi\/wp-content\/uploads\/2023\/03\/20230315_141549.jpg\" alt=\"\" srcset=\"https:\/\/www.src.fi\/wp-content\/uploads\/2023\/03\/20230315_141549.jpg 935w, https:\/\/www.src.fi\/wp-content\/uploads\/2023\/03\/20230315_141549-300x249.jpg 300w, https:\/\/www.src.fi\/wp-content\/uploads\/2023\/03\/20230315_141549-768x637.jpg 768w, https:\/\/www.src.fi\/wp-content\/uploads\/2023\/03\/20230315_141549-850x705.jpg 850w\" sizes=\"auto, (max-width: 150px) 100vw, 150px\" \/><\/td><\/tr><\/tbody><\/table><\/figure>\n\n\n\n<h2 class=\"wp-block-heading\">Auton kasaus, lyhyt oppim\u00e4\u00e4r\u00e4<\/h2>\n\n\n\n<p>Yll\u00e4mainituilla komponenteilla on mahdollista kasata kilpailukykyinen auto. Yksi j\u00e4rjestys kasaamiselle on oheinen:<\/p>\n\n\n\n<ul class=\"wp-block-list\">\n<li>Suorista runko<\/li>\n\n\n\n<li>Koek\u00e4yt\u00e4 moottoria matalalla j\u00e4nnitteell\u00e4 (max 3v) v\u00e4hint\u00e4\u00e4n 30min<\/li>\n\n\n\n<li>Karhenna moottorin kiinnityskohdat rungosta<\/li>\n\n\n\n<li>Karhenna laakereiden kiinnytyskohdat rungosta<\/li>\n\n\n\n<li>Kiinnit\u00e4 laakerit runkoon k\u00e4ytt\u00e4en apuv\u00e4lineit\u00e4 joilla molemmat puolet tulevat samaan korkeuteen sek\u00e4 oletetun akselin linjaisesti suoraan. K\u00e4yt\u00e4 apuna akselia tai vastaavaa.<\/li>\n\n\n\n<li>Kiinnit\u00e4 neulaputket niille varattuihin kohtiin<\/li>\n\n\n\n<li>Kiinnit\u00e4 pinjoni moottorin akseliin<\/li>\n\n\n\n<li>Aseta taka-akseli sille kuuluvalle paikalleen sek\u00e4 kiinnit\u00e4 fassi sille kuuluvalle paikalleen<\/li>\n\n\n\n<li>Kiinnit\u00e4 moottori runkoon. Asemoi moottori k\u00e4ytt\u00e4en taka-akselia ja siihen kytketty\u00e4 fassia jossa fassi ja pinjoni py\u00f6riv\u00e4t saumattomasti sek\u00e4 moottori on rungon kanssa samassa tasossa.<\/li>\n\n\n\n<li>Tee ohjuriin kierteet<\/li>\n\n\n\n<li>Aseta ohjuri sille varattuun reik\u00e4\u00e4n auton etuosassa, s\u00e4\u00e4d\u00e4 tarvittavalle korkeudelle k\u00e4ytt\u00e4en ohjurin brikkoja ja kiinnit\u00e4 ohjuri brikkoineen k\u00e4ytt\u00e4en sille varattua mutteria<\/li>\n\n\n\n<li>Aseta virtaharjat ohjuriin<\/li>\n\n\n\n<li>Yhdist\u00e4 ohjurin asetetut virtaharjat sek\u00e4 moottorin navat kesken\u00e4\u00e4n (+ omanaan, &#8211; omanaan) k\u00e4ytt\u00e4en johtoa<\/li>\n\n\n\n<li>Riippuen k\u00e4ytetyst\u00e4 korista, kiinnit\u00e4 kori neulojen ja neulaputkien avulla oikeaan korkeuteen. Auton maksimikorkeus Euromini ja Eurolight sarjassa on 38mm, joka mitataan ilman maavaraa<\/li>\n\n\n\n<li>Kiinnit\u00e4 renkaat taka-akseliin<\/li>\n\n\n\n<li>\u00d6ljy\u00e4 laakerit, pinjoni sek\u00e4 kaikki kohdat jota on kuumennettu ja\/tai k\u00e4sitelty juotosnesteell\u00e4 (muutoin ruostumisen vaara)<\/li>\n\n\n\n<li>Suorita koeajo rauhallisesti. Vaikka auto on teoriassa valmis, mukaan mahtuu normaalisti pieni\u00e4 s\u00e4\u00e4t\u00f6tarpeita<\/li>\n<\/ul>\n\n\n\n<h2 class=\"wp-block-heading\">Tyypillisi\u00e4 ongelmatilanteita ja ratkaisuja<\/h2>\n\n\n\n<p>TODO<\/p>\n","protected":false},"excerpt":{"rendered":"<p>T\u00e4m\u00e4 opas t\u00e4ht\u00e4\u00e4 harrastuksen aloittamiseen, joka my\u00f6s mahdollistaa osallistumisen eurosarjan kilpailuihin s\u00e4\u00e4nt\u00f6jen mukaisesti. Auto (alle 13v kuljettaja) Aloittelijalle sopiva auto on niinsanottu euromini (jk c21). Yleens\u00e4 aloittelijan kannattaa hankkia ajovalmis (RTR) paketti,&#8230;<\/p>\n","protected":false},"author":1,"featured_media":0,"parent":0,"menu_order":0,"comment_status":"closed","ping_status":"closed","template":"","meta":{"footnotes":""},"class_list":["post-248","page","type-page","status-publish","hentry"],"jetpack_sharing_enabled":true,"publishpress_future_action":{"enabled":false,"date":"2026-05-06 17:41:14","action":"change-status","newStatus":"draft","terms":[],"taxonomy":"","extraData":[]},"publishpress_future_workflow_manual_trigger":{"enabledWorkflows":[]},"_links":{"self":[{"href":"https:\/\/www.src.fi\/index.php\/wp-json\/wp\/v2\/pages\/248","targetHints":{"allow":["GET"]}}],"collection":[{"href":"https:\/\/www.src.fi\/index.php\/wp-json\/wp\/v2\/pages"}],"about":[{"href":"https:\/\/www.src.fi\/index.php\/wp-json\/wp\/v2\/types\/page"}],"author":[{"embeddable":true,"href":"https:\/\/www.src.fi\/index.php\/wp-json\/wp\/v2\/users\/1"}],"replies":[{"embeddable":true,"href":"https:\/\/www.src.fi\/index.php\/wp-json\/wp\/v2\/comments?post=248"}],"version-history":[{"count":7,"href":"https:\/\/www.src.fi\/index.php\/wp-json\/wp\/v2\/pages\/248\/revisions"}],"predecessor-version":[{"id":540,"href":"https:\/\/www.src.fi\/index.php\/wp-json\/wp\/v2\/pages\/248\/revisions\/540"}],"wp:attachment":[{"href":"https:\/\/www.src.fi\/index.php\/wp-json\/wp\/v2\/media?parent=248"}],"curies":[{"name":"wp","href":"https:\/\/api.w.org\/{rel}","templated":true}]}}