{"id":13,"date":"2022-02-27T17:13:27","date_gmt":"2022-02-27T17:13:27","guid":{"rendered":"https:\/\/www.src.fi\/?page_id=13"},"modified":"2025-09-06T22:18:32","modified_gmt":"2025-09-06T20:18:32","slug":"pienoissahkoautoilun-oppimaara","status":"publish","type":"page","link":"https:\/\/www.src.fi\/index.php\/pienoissahkoautoilun-oppimaara\/","title":{"rendered":"Pienoiss\u00e4hk\u00f6autoilun oppim\u00e4\u00e4r\u00e4"},"content":{"rendered":"\n<p><\/p>\n\n\n\n<p>Pienoiss\u00e4hk\u00f6autoilla, eli Ura-autoilla, tarkoitetaan s\u00e4hk\u00f6moottorilla radan uraa pitkin kulkevia autoja. Autot voivat olla mittakaavassa 1\/32 tai 1\/24. Ura-autojen historia Suomessa alkaa jo 1960-luvulta jolloin aniill\u00e4 alettiin my\u00f6skin kilpaillaa. Autot olivat alkuun ns kiskoautoja, eli kulkivat radan pinnassa olleita kiskoja pitkin. My\u00f6hemmin ne siirtyivat kulkemaan radan pintaan jyrsityss\u00e4 urassa, josta my\u00f6s nykyinen tunnetumpi nimitys johtaa.<\/p>\n\n\n\n<p>Autot ovat varustettu yleens\u00e4 12V tasavirtamoottorilla ja se saa virran radasta virtaharjojen v\u00e4lityksell\u00e4. Auton nopeutta s\u00e4\u00e4det\u00e4\u00e4n&nbsp;ns. kahvalla, joka on k\u00e4dess\u00e4 pidett\u00e4v\u00e4&nbsp;vastus.<\/p>\n\n\n\n<p>Ura-autoilla ajamisessa on yksinkertainen tarkoitus: pysy\u00e4 urassa ja ajaa annetussa ajassa mahdollisimman monta kierrosta.<\/p>\n\n\n\n<p>Harrastajia lajin piiriss\u00e4 on varovasti arvioiden\u00a0parisen sataa. Kilpatoiminnassa on noin 70 henkil\u00f6\u00e4. Hyvink\u00e4\u00e4n kerholla on kerholaisia noin 50 henkil\u00f6 ja kisatoiminnassa noin 25 henkil\u00f6\u00e4. Lajin parissa olevat ovat nuorimmillaan 5-vuotiaita ja vanhin kisatoiminnassa mukana oleva hyvink\u00e4\u00e4l\u00e4inen on jo yli 60-vuotias.<\/p>\n\n\n\n<p>Ja mik\u00e4 parasta, laji sopii niin tyt\u00f6ille kuin pojille, \u00e4ideille kuin isille, naisille&nbsp;kuin miehille. Ihan kaikkille. Ja ennenkaikkea se antaa kehitt\u00e4v\u00e4n harrastuksen, kartuttaa k\u00e4den taitoja, kasvaa henkist\u00e4 kest\u00e4vyytt\u00e4 ja antaa hyvi\u00e4 kavereita. Ja voi sielt\u00e4 innostus tulevaan ammattiinkin sytty\u00e4. Lajin parista on tullut niin s\u00e4hk\u00f6alan ammattilaisia kuin hienomekaanisen puolen osaajia.<\/p>\n","protected":false},"excerpt":{"rendered":"<p>Pienoiss\u00e4hk\u00f6autoilla, eli Ura-autoilla, tarkoitetaan s\u00e4hk\u00f6moottorilla radan uraa pitkin kulkevia autoja. Autot voivat olla mittakaavassa 1\/32 tai 1\/24. Ura-autojen historia Suomessa alkaa jo 1960-luvulta jolloin aniill\u00e4 alettiin my\u00f6skin kilpaillaa. Autot olivat alkuun ns&#8230;<\/p>\n","protected":false},"author":1,"featured_media":0,"parent":0,"menu_order":0,"comment_status":"closed","ping_status":"closed","template":"","meta":{"footnotes":""},"class_list":["post-13","page","type-page","status-publish","hentry"],"jetpack_sharing_enabled":true,"publishpress_future_action":{"enabled":false,"date":"2026-05-14 14:34:10","action":"change-status","newStatus":"draft","terms":[],"taxonomy":"","extraData":[]},"publishpress_future_workflow_manual_trigger":{"enabledWorkflows":[]},"_links":{"self":[{"href":"https:\/\/www.src.fi\/index.php\/wp-json\/wp\/v2\/pages\/13","targetHints":{"allow":["GET"]}}],"collection":[{"href":"https:\/\/www.src.fi\/index.php\/wp-json\/wp\/v2\/pages"}],"about":[{"href":"https:\/\/www.src.fi\/index.php\/wp-json\/wp\/v2\/types\/page"}],"author":[{"embeddable":true,"href":"https:\/\/www.src.fi\/index.php\/wp-json\/wp\/v2\/users\/1"}],"replies":[{"embeddable":true,"href":"https:\/\/www.src.fi\/index.php\/wp-json\/wp\/v2\/comments?post=13"}],"version-history":[{"count":3,"href":"https:\/\/www.src.fi\/index.php\/wp-json\/wp\/v2\/pages\/13\/revisions"}],"predecessor-version":[{"id":905,"href":"https:\/\/www.src.fi\/index.php\/wp-json\/wp\/v2\/pages\/13\/revisions\/905"}],"wp:attachment":[{"href":"https:\/\/www.src.fi\/index.php\/wp-json\/wp\/v2\/media?parent=13"}],"curies":[{"name":"wp","href":"https:\/\/api.w.org\/{rel}","templated":true}]}}