{"id":11,"date":"2022-02-27T17:13:11","date_gmt":"2022-02-27T17:13:11","guid":{"rendered":"https:\/\/www.src.fi\/?page_id=11"},"modified":"2025-09-06T19:56:10","modified_gmt":"2025-09-06T17:56:10","slug":"kerhoesittely","status":"publish","type":"page","link":"https:\/\/www.src.fi\/index.php\/kerhoesittely\/","title":{"rendered":"Kerhoesittely"},"content":{"rendered":"\n<p class=\"has-text-align-justify\">Hiukan yli 50 vuotta on Hyvink\u00e4\u00e4n seurakunnan tiloissa pienoiss\u00e4hk\u00f6autot hurisseet. Oli vuosi 1974, kun silloinen seurakunnan poikaty\u00f6nohjaaja Vilho Viitala ja Hannu Nurminen pohtivat, miten pienoiss\u00e4hk\u00f6auto toimintaa voitaisiin harrastaa Hyvink\u00e4\u00e4ll\u00e4 jolloin toiminta sai alkunsa silloisen ty\u00f6keskuksen alakerrassa <\/p>\n\n\n\n<p class=\"has-text-align-justify\">Tuli joulukuu 1975, jolloin Helsingiss\u00e4 j\u00e4rjestettiin pienoiss\u00e4hk\u00f6autojen SM-kilpailut. Siell\u00e4 Hyvink\u00e4\u00e4n seurakunnan pienoiss\u00e4hk\u00f6autokerho &#8220;Slot Racing Club&#8221; voitti kaikkien yll\u00e4tykseksi joukkue Suomen Mestaruuden, vaikka kerholla ei ollut metri\u00e4k\u00e4\u00e4n rataa. Siit\u00e4 l\u00e4htien SRC on ollut yksi Suomen vahvimmista ura-autokerhoista.<\/p>\n\n\n\n<p class=\"has-text-align-justify\">Ensimm\u00e4iset kierrokset omalla radalla ajettiin tammikuussa -76 ja siit\u00e4 l\u00e4htien sill\u00e4 ajettiin miljoonia kierroksia kunnes se purettiin uuden radan tielt\u00e4, vuonna 2000. Nykyinen rata on j\u00e4rjestyksess\u00e4\u00e4n kolmas ja se on rakennettu t\u00e4ysin kerhon omin voimin vuonna 2010. Vanha rata siirtyi Sein\u00e4joelle, jossa se palvelee paikallisen kerhon ja koko Suomen ura-autoilua.<\/p>\n\n\n\n<p>Lokakuussa 2024 kerho vietti 50v-juhlallisuuksiaan toiminnan jatkuessa edelleen hyv\u00e4ll\u00e4 voimalla.<\/p>\n","protected":false},"excerpt":{"rendered":"<p>Hiukan yli 50 vuotta on Hyvink\u00e4\u00e4n seurakunnan tiloissa pienoiss\u00e4hk\u00f6autot hurisseet. Oli vuosi 1974, kun silloinen seurakunnan poikaty\u00f6nohjaaja Vilho Viitala ja Hannu Nurminen pohtivat, miten pienoiss\u00e4hk\u00f6auto toimintaa voitaisiin harrastaa Hyvink\u00e4\u00e4ll\u00e4 jolloin toiminta sai&#8230;<\/p>\n","protected":false},"author":1,"featured_media":0,"parent":0,"menu_order":0,"comment_status":"closed","ping_status":"closed","template":"","meta":{"footnotes":""},"class_list":["post-11","page","type-page","status-publish","hentry"],"jetpack_sharing_enabled":true,"publishpress_future_action":{"enabled":false,"date":"2026-04-23 06:52:51","action":"change-status","newStatus":"draft","terms":[],"taxonomy":"","extraData":[]},"publishpress_future_workflow_manual_trigger":{"enabledWorkflows":[]},"_links":{"self":[{"href":"https:\/\/www.src.fi\/index.php\/wp-json\/wp\/v2\/pages\/11","targetHints":{"allow":["GET"]}}],"collection":[{"href":"https:\/\/www.src.fi\/index.php\/wp-json\/wp\/v2\/pages"}],"about":[{"href":"https:\/\/www.src.fi\/index.php\/wp-json\/wp\/v2\/types\/page"}],"author":[{"embeddable":true,"href":"https:\/\/www.src.fi\/index.php\/wp-json\/wp\/v2\/users\/1"}],"replies":[{"embeddable":true,"href":"https:\/\/www.src.fi\/index.php\/wp-json\/wp\/v2\/comments?post=11"}],"version-history":[{"count":5,"href":"https:\/\/www.src.fi\/index.php\/wp-json\/wp\/v2\/pages\/11\/revisions"}],"predecessor-version":[{"id":900,"href":"https:\/\/www.src.fi\/index.php\/wp-json\/wp\/v2\/pages\/11\/revisions\/900"}],"wp:attachment":[{"href":"https:\/\/www.src.fi\/index.php\/wp-json\/wp\/v2\/media?parent=11"}],"curies":[{"name":"wp","href":"https:\/\/api.w.org\/{rel}","templated":true}]}}